{"id":18,"date":"2024-08-08T10:48:40","date_gmt":"2024-08-08T10:48:40","guid":{"rendered":"https:\/\/institutsatori.si\/en\/?page_id=18"},"modified":"2024-10-17T10:51:24","modified_gmt":"2024-10-17T10:51:24","slug":"projekti","status":"publish","type":"page","link":"https:\/\/www.institutsatori.si\/en\/projekti\/","title":{"rendered":"Projects"},"content":{"rendered":"\n<pre id=\"tw-target-text\" class=\"wp-block-preformatted\">Specializirano izobra\u017eevanje<\/pre>\n\n\n\n<p class=\"has-text-color has-link-color has-large-font-size wp-elements-51ec060ebedd0c95b0c0f847f75eee0f\" style=\"color:#a35dbc\"><strong>GLOBINSKA PSIHOTERAPIJA&nbsp;TRAVME<\/strong><\/p>\n\n\n\n<p class=\"has-text-color has-link-color has-medium-font-size wp-elements-40dd5eabc1ee5a0f55b0e860ef1027f7\" style=\"color:#a35dbc\"><strong>Izobra\u017eevanje za napredni strokovni razvoj iz psihoterapije travme, njene predelave in integracije (\u2018Aleceia\u2019 Method) (1. stopnja)&nbsp;<\/strong><\/p>\n\n\n\n<p class=\"has-text-color has-link-color wp-elements-7bc8dc073d44ff2f13801ee3c47da997\" style=\"color:#605e5e;font-size:30px\"><strong>Mario C. Salvador<\/strong><\/p>\n\n\n\n<p class=\"has-text-color has-link-color wp-elements-9f6bf05ba842d1b3b62c5cbc07211098\" style=\"color:#605e5e\"><strong>1.\u2013 4. oktober 2020 in&nbsp; 4.\u2013 7. februar 2021<\/strong><\/p>\n\n\n\n<p>Metoda predelave travme &#8216;Aleceia&#8217; je plod integracije tridesetletnih izku\u0161enj klini\u010dnega dela Maria C. Salvadorja in Carmen Cuenca iz In\u0161tituta Aleces iz \u0160panije.&nbsp;Je spoj razli\u010dnih psihoterapevtskih smeri, kot je relacijska integrativna psihoterapija (po Erskinu), spoznanj s podro\u010dja nevroznanosti in sodobnih pristopov obravnave travme s pomo\u010djo na telo usmerjene \u010duje\u010dnosti. Metoda sloni tudi na sodobnih znanjih o delu z disociacijo in fragmentacijo ega.<\/p>\n\n\n\n<p>Cilj tega celostnega psihoterapevtskega pristopa je globinsko procesiranje travme in integracija implicitnih spominskih vsebin, shranjenih v \u010dlovekovi nevrobiologiji, ki omejujejo delovanje in kakovost \u017eivljenja osebe v sedanjosti.<\/p>\n\n\n\n<p>Model poudarja samoozdravitveno sposobnost \u010dlove\u0161kih mo\u017eganov in aktivno uporabo polne prisotnosti in udele\u017eenosti terapevta v proces, ki v klientu prebudi stanje prisotnosti in mu omogo\u010di soo\u010danje s travmatsko izku\u0161njo. Tako lahko klient v varnem okolju ponovno vzpostavi stik z izku\u0161njo, jo sprejme in neintegrirane ter odcepljene vsebine predela.<\/p>\n\n\n\n<p>Metoda upo\u0161teva tudi mo\u010dan vpliv disociacije, njenih sledov in posledic, ki jih pusti na ob\u010dutju ega. Ponuja postopek, ki s pomo\u010djo terapevtskega odnosa, terapevtove prisotnosti in klientove \u010duje\u010dnosti, razvija mo\u010dan ob\u010dutek so\u010dutja klienta do lastnih razli\u010dnih notranjih delov (stanj ega).<\/p>\n\n\n\n<p class=\"has-text-color has-link-color wp-elements-017556346c2a833d521f4eadb65ad66f\" style=\"color:#8b0000;font-size:26px\"><strong>\u010cASOVNI RAZPORED IZOBRA\u017dEVANJA<\/strong><\/p>\n\n\n\n<p>Celotno izobra\u017eevanje je razdeljeno na tri stopnje:<\/p>\n\n\n\n<ul class=\"wp-block-list im-ul\">\n<li>Prva stopnja (prvo leto): dva modula \u2013 MODUL 1 in MODUL 2, \u0161tiri dni vsak (32 ur na modul, skupaj 64 ur) (1.\u20134. oktober 2020 in 4.\u20137. februar 2021);<\/li>\n\n\n\n<li>Druga stopnja (drugo leto): en modul \u2013 MODUL 3, pet dni (40 ur) (datum bo objavljen naknadno)<\/li>\n\n\n\n<li>Tretja stopnja (tretje leto in nadaljevanje): eden ali dva tridnevna modula (24 + 24 ur) (datum bo objavljen naknadno).<\/li>\n<\/ul>\n\n\n\n<p>Prvi dve stopnji bosta zagotovili teoretsko osnovo in temeljne koncepte modela, ter izoblikovali osnovno dr\u017eo in ve\u0161\u010dine psihoterapevtke\/-ta. Tretjo stopnjo bomo izvedli v obliki nadaljevalne mojstrske stopnje (Master Class) s prikazom primerov v \u017eivo, globinsko analizo, diskusijo in supervizijo posameznih primerov. Najve\u010d pozornosti bo namenjene vlogi kontratransferja in\/ali igranju vlog, kjer bo superviziranec stopil v \u010devlje klienta. Predvidoma se bo izvajalo izkustveno delo z dvema osebama dopoldan in dve do tri supervizije v popoldanskem \u010dasu.<\/p>\n\n\n\n<h5 class=\"wp-block-heading has-text-color has-link-color wp-elements-8bf47aa4f48c90deb89e65d6bb2ebd01\" style=\"color:#bc9b5d;font-size:18px\"><strong>PRVA STOPNJA<\/strong><\/h5>\n\n\n\n<p>Prva stopnja je sestavljena iz dveh delov:<\/p>\n\n\n\n<ul class=\"wp-block-list im-ul\">\n<li><strong>MODUL 1: 4-DNEVNI INTENZIVNI SEMINAR (1.\u20134. oktober 2020)<\/strong><\/li>\n\n\n\n<li><strong>MODUL 2: 4-DNEVNI INTENZIVNI SEMINAR (4.\u20137. februar 2021)<\/strong><\/li>\n<\/ul>\n\n\n\n<ul style=\"font-size:18px\" class=\"wp-block-list im-lu\">\n<li><\/li>\n<\/ul>\n\n\n\n<p><\/p>\n\n\n\n<p>Na prvi stopnji se bomo osredoto\u010dili na osnovna na\u010dela in ustrezno terapevtsko dr\u017eo s katerimi v psihoterapevtskem procesu ustvarimo okolje, ki je naklonjeno predelavi travme. U\u010dili se bomo izpopolnjenih terapevtskih ve\u0161\u010din, ki razvijajo terapevtsko vez in pomagajo pri ustvarjanju notranjega stika klienta z lastno bole\u010do izku\u0161njo, ter raz\u0161irjajo zavedanje o razli\u010dnih notranjih delih in procesih. Poudarili bomo pomen klientove notranje sposobnosti za \u010duje\u010de opazovanja lastnih notranjih procesov. Na prvi stopnji se bomo osredoto\u010dili na naravo psiholo\u0161ke travme in predstavili u\u010dinke disociacije na vertikalno fragmentacijo jaza.&nbsp;<\/p>\n\n\n\n<p class=\"has-text-color has-link-color wp-elements-d99131fe8951d57a0e847898428f903b\" style=\"color:#605e5e\"><a href=\"https:\/\/brainspottingslovenia.com\/uploads\/predstavitev_celotnega_programa_-_globinska_psihoterapija_travme-1.pdf\" target=\"_blank\" rel=\"noreferrer noopener\"><strong>Predstavitev celotnega programa v prilogi.<\/strong><\/a><\/p>\n\n\n\n<h5 class=\"wp-block-heading has-text-color has-link-color wp-elements-dd470cb7eb0312c53036bd8b5b730382\" style=\"color:#bc9b5d;font-size:18px\"><strong>METODOLOGIJA<\/strong><\/h5>\n\n\n\n<p>Obe delavnici bosta temeljili na uveljavljeni literaturi s podro\u010dja tematike, razlagi teorije in diskusiji, prakti\u010dnih vajah in \u017eivih demonstracijah s prostovoljci iz vrst udele\u017eencev. S pomo\u010djo demonstracij bomo la\u017eje razlo\u017eili, opazovali in izkusili uporabo teoretskih modelov v terapevtski praksi. Cilj te metodologije je tudi razvijanje meta-analiti\u010dne sposobnosti udele\u017eencev, ki jim bo pomagala pri presoji o tem kdaj, kako, zakaj in s \u010dim terapevtsko intervenirati.<br><br><a href=\"https:\/\/www.youtube.com\/watch?v=Ta1n2-n55wo\" target=\"_blank\" rel=\"noreferrer noopener\">Intervju Mario C. Salvador:&nbsp;Psychotherapy of Trauma Integration and Reprocessing<\/a>&nbsp;s&nbsp;Tamaro&nbsp;Trobentar, certificirano&nbsp;integrativno&nbsp;psihoterapevtko, brainspotting terapevtko&nbsp;in brainspotting supervizorko.&nbsp;<\/p>\n\n\n\n<h5 class=\"wp-block-heading has-text-color has-link-color wp-elements-0accaa2975895a5844ba583e942a5a31\" style=\"color:#2274a1;font-size:18px\"><strong>ODVISNOSTI IN TRAVMA<\/strong><\/h5>\n\n\n\n<p class=\"has-text-color has-link-color wp-elements-20db4352c25b8c12ea05a9e24b45602e\" style=\"color:#bada55;font-size:24px\">z<strong>&nbsp;dr. Roby Abeles, LMFT,<\/strong><\/p>\n\n\n\n<p>v&nbsp;petek,&nbsp;<strong>26.4.2019, od 9.00 do 18.00 ure<\/strong>.<\/p>\n\n\n\n<p>Na izobra\u017eevanju se boste seznanili z najnovej\u0161o in izjemno u\u010dinkovito metodo&nbsp;\u00bbCrocodile set up\u00ab, ki jo je razvila dr. Roby Abeles. Z metodo se\u017eemo do&nbsp;globljih vzrokov, ki vzdr\u017eujejo potrebo po odvisnosti, kar pomaga klientom ustaviti hlepenje in preko sprememb v mo\u017eganih&nbsp;omogo\u010da nove, globlje mo\u017enosti zdravljenja. Metoda je uspe\u0161na za zdravljenje kateregakoli odvisni\u0161kega vedenja (alkohol, prepovedane droge, tablete, igre na sre\u010do, prekomerno delo, razli\u010dna tvegana vedenja, pretirano nakupovanje, motnje hranjenja, odvisnost od odnosov, od interneta, dru\u017eabnih omre\u017eij\u2026), katerih&nbsp;namen je izogibanje bole\u010dim, potla\u010denim ob\u010dutkom.<\/p>\n\n\n\n<p>Izobra\u017eevanje bo vsebovalo tudi teme:<\/p>\n\n\n\n<ul style=\"font-size:18px\" class=\"wp-block-list im-ul\">\n<li>Odvisnost kot oblika \u010dustvene regulacije,&nbsp;<\/li>\n\n\n\n<li>Odvisnost kot posledica travmatskih izku\u0161enj iz otro\u0161tva,&nbsp;<\/li>\n\n\n\n<li>Odvisnost kot poskus vzpostavitve varne navezanosti,&nbsp;<\/li>\n\n\n\n<li>Nevroznanost odvisnosti,&nbsp;<\/li>\n\n\n\n<li>Prednosti narativne terapije.<\/li>\n<\/ul>\n\n\n\n<p><\/p>\n\n\n\n<p>Na izobra\u017eevanju bo \u010das za:<\/p>\n\n\n\n<ul style=\"font-size:18px\" class=\"wp-block-list im-ul\">\n<li>vpra\u0161anja in odgovore,<\/li>\n\n\n\n<li>demonstracijo modela \u00bbCrocodile Set Up\u00ab v \u017eivo,<\/li>\n\n\n\n<li>delo v parih &#8211; preizkus metode \u00bbCrocodile Set Up\u00ab,<\/li>\n\n\n\n<li>diskusijo.<\/li>\n<\/ul>\n\n\n\n<p><\/p>\n\n\n\n<p>Po izobra\u017eevanju boste:<\/p>\n\n\n\n<ul style=\"font-size:18px\" class=\"wp-block-list im-ul\">\n<li>Osvetlili&nbsp;in&nbsp;razumeli vzroke, zaradi katerih pride do prekinitev v mo\u017eganih odvisnikov;<\/li>\n\n\n\n<li>Razumeli vrednost metafor, pripovedovanja zgodb&nbsp; in narativne terapije s pomo\u010djo \u010desar&nbsp;eksternaliziramo odvisnost v procesu zdravljenja;<\/li>\n\n\n\n<li>Znali uporabiti dobro razvito metaforo&nbsp;\u00bbKrokodil\u00ab, s katero boste eksternalizirali odvisnost klienta in s tem prispevali k zaupnej\u0161emu terapevtskemu odnosu;<\/li>\n\n\n\n<li>Spoznali vlogo narativne terapije v procesu zdravljenja;<\/li>\n\n\n\n<li>Znali uporabiti metodo&nbsp;\u00bbThe Crocodile Set Up\u00ab&nbsp;s katero boste klientu pomagali prepre\u010diti recidiv in lahko pre\u0161li na razre\u0161evanje travm in drugih (globjih) vzrokov, ki vzdr\u017eujejo odvisni\u0161ko vedenje.&nbsp;<\/li>\n<\/ul>\n\n\n\n<p><\/p>\n\n\n\n<p><strong>O PREDAVATELJICI<\/strong><\/p>\n\n\n\n<p><strong>Dr. Roby&nbsp; Abeles<\/strong>,&nbsp;LMFT, je&nbsp;specialistka in u\u010diteljica za zdravljenje odvisnosti ter&nbsp;psihoterapevtka z ve\u010d kot 33 letnimi izku\u0161njami delovanja v ZDA in Avstraliji;&nbsp;je&nbsp;mednarodna Brainspotting&nbsp;u\u010diteljica, soustanoviteljica organizacije Brainspotting Australia Pacific in MATES Brain Regulation Program ter svetovalka in u\u010diteljica programa HeartMath. Pri svojem delu&nbsp; integrira razli\u010dne pristope globinskega zdravljenja travme:&nbsp;Somatsko do\u017eivljanje,&nbsp;EMDR&nbsp;(Eye Movement Desensitization and Reprocessing),&nbsp;Internal Family Systems&nbsp;(IFS), Ego stanja, 12 stopenjski program zdravljenja od alkoholizma in narativno terapijo. Dr. Roby je tudi svetovalka in supervizorka za Brainspotting terapevte in terapevtke drugih modalitet po vsem svetu.&nbsp;Ve\u010d kot 33 let je tudi sama ozdravljena alkoholi\u010darka.&nbsp;<\/p>\n\n\n\n<p><strong>INFORMACIJE IN PRIJAVE<\/strong><\/p>\n\n\n\n<p>Izobra\u017eevanje je primerno za vse, ki \u017eelite globje spoznati vzroke vseh vrst odvisnosti in na\u010din zdravljenja, ki sloni na najnovej\u0161ih nevroznanstvenih dognanjih o odvisnosti.&nbsp;Predhodno znanje o metodi Brainspotting za udele\u017ebo na izobra\u017eevanju ni potrebno.<\/p>\n\n\n\n<p>Izobra\u017eevanje bo potekalo v&nbsp;<strong>angle\u0161kem jeziku<\/strong>.<\/p>\n\n\n\n<p><strong>Lokacija:<\/strong>&nbsp; M Hotel, Der\u010deva ul. 4,&nbsp; Ljubljana.&nbsp;&nbsp;<a href=\"https:\/\/www.hotelpark.si\/\" target=\"_blank\" rel=\"noreferrer noopener\">https:\/\/www.m-hotel.si<\/a><\/p>\n\n\n\n<p><strong>Cena:<\/strong>&nbsp;&nbsp;&nbsp;do 26. marca 2019 &nbsp;&nbsp;&nbsp;165 EUR;<br>&nbsp; &nbsp; &nbsp; &nbsp; &nbsp; &nbsp; &nbsp; od 27.&nbsp;marca&nbsp;2019&nbsp;&nbsp;&nbsp;&nbsp;&nbsp;185 EUR.<\/p>\n\n\n\n<p><strong>Informacije in prijave:&nbsp;<\/strong>na elektronski naslov&nbsp;<a href=\"mailto:brainspottingslovenia@gmail.com\">brainspottingslovenia@gmail.com<\/a>.<\/p>\n\n\n\n<h2 class=\"wp-block-heading has-text-color has-link-color wp-elements-12cd9165a00e886474394e89b063b57d\" style=\"color:#bc9b5d\"><strong>DISOCIACIJA V PSIHOTERAPIJI&nbsp;&#8211;&nbsp;webinar 7.2.2019&nbsp;ob 17 &#8211; 19.30h<\/strong><\/h2>\n\n\n\n<p><strong>Predavatelj: Mario C. Salvador iz \u0160panije, klini\u010dni psiholog in&nbsp;psihoterapevt<\/strong><\/p>\n\n\n\n<p>Na spletnem seminarju bo avtor na kratko pojasnil fenomen klini\u010dne disociacije, zna\u010dilnosti nevronskih povezav (raziskovanje med ne-disociativnimi in disociativnimi) in nekaterimi principi zdravljenja.<br>Webinar je namenjen psihoterapevtom in drugim strokovnjakom s podro\u010dja du\u0161evnega zdravja, ki se ob svojem delu s klienti sre\u010dujejo z disociacijo in s tem povezanim fenomenom.<\/p>\n\n\n\n<p>Webinar bo potekal v&nbsp;<strong>angle\u0161kem jeziku<\/strong>.<\/p>\n\n\n\n<p><strong>O PREDAVATELJU:<\/strong><\/p>\n\n\n\n<p><a href=\"http:\/\/www.aleces.com\/\" target=\"_blank\" rel=\"noreferrer noopener\">Mario C. Salvador<\/a>&nbsp;je specialist klini\u010dne psihologije s trideset leti izku\u0161enj. Je u\u010ditelj in supervizor integrativne psihoterapije v okviru Mednarodne zveze za integrativno psihoterapijo (IIPA&nbsp;<a href=\"http:\/\/www.integrativeassociation.com\/\" target=\"_blank\" rel=\"noreferrer noopener\">www.integrativeassociation.com<\/a>) ter u\u010ditelj in supervizor transakcijske analize s statusom PTSTA v okviru Mednarodne in Evropske zveze za transakcijsko analizo (ITAA in EATA). Je tudi u\u010ditelj in supervizor iz metode Brainspotting ter supervizor iz metode EMDR (Eye Movement Desenzitization and Reprocessing) v okviru Evropske zveze za EMDR. Mario C. Salvador je direktor In\u0161tituta za integrativno psihoterapijo in Brainspotting (ALECES) ter predsednik \u0160panskega zdru\u017eenja za Brainspotting. Kot u\u010ditelj pou\u010duje v \u0160paniji, Braziliji, Italiji, Sloveniji, Avstriji in Ekvadorju. Je avtor knjige Beyond the Ego; Finding our Essential Being Through the Healing of Trauma, Eleftheria Publisher, Barcelona 2017, soavtor knjige The Power of Brainspotting, Asanger publish, 2018 ter \u0161tevilnih \u010dlankov o travmi in uporabi prisotnosti v procesu zdravljenja.<\/p>\n\n\n\n<p><strong>KDAJ<\/strong>:&nbsp;Webinar bo potekal v&nbsp;\u010detrtek&nbsp;<strong>7. 2. 2019 od 17:00 do 19:30<\/strong>.<br>Ob prijavi prejmete navodila za spremljanje webinarja.<\/p>\n\n\n\n<p><strong>PRIJAVE:<\/strong><\/p>\n\n\n\n<p>Kotizacija za webinar zna\u0161a&nbsp;<strong>50 EUR<\/strong>&nbsp;na osebo.<br>Prijavite se tako, da nam e-mail z izpolnjeno&nbsp;<a href=\"https:\/\/web.archive.org\/web\/20231128123808\/http:\/\/www.janapotocnik.si\/wp-content\/uploads\/2019\/01\/Prijavnica-Webinar-disociacija-7.2.2019.docx\" target=\"_blank\" rel=\"noreferrer noopener\">prijavnico<\/a>&nbsp;po\u0161ljete na naslov:&nbsp;<a href=\"https:\/\/web.archive.org\/web\/20231128123808\/mailto:brainspottingslovenia@gmail.com\">brainspottingslovenia@gmail.com<\/a><br>Ob prejemu prijavnice boste prejeli ra\u010dun za nakazilo kotizacije.<br>Po prejemu pla\u010dila kotizacije pla\u010dila ne vra\u010damo, lahko pa se izobra\u017eevanja namesto vas udele\u017ei druga oseba (ki jo najdete sami). Na webinar ste prijavljeni takrat, ko je vpla\u010dana celotna kotizacija.<br>Prijave zbiramo do 21.1.2019. Izobra\u017eevenje bo izvedeno, \u010de bo dovolj prijav. V nasprotnem primeru vam \u017ee vpla\u010dano kotizacijo vrnemo. \u0160tevilo mest je omejeno. V primeru prevelikega \u0161tevila prijav bomo upo\u0161tevali vrstni red prijavljenih.<\/p>\n\n\n\n<p><a href=\"https:\/\/www.facebook.com\/Brainspotting-Slovenia-2356566614624778\/\" target=\"_blank\" rel=\"noreferrer noopener\">In\u0161titut za izobra\u017eevanje, raziskovanje in psihoterapijo travme \u2013 Brainspotting<\/a><br>Sabina Gomba\u010d<br>Mina Pa\u0161<br>Jana Poto\u010dnik<br>Tamara Trobentar<\/p>\n\n\n\n<h2 class=\"wp-block-heading has-text-color has-link-color wp-elements-6aca4c6d165783fb20a4f9431af1ae0e\" style=\"color:#bc9b5d\">Izvedba programa za celostni razvoj otrok v O\u0160<\/h2>\n\n\n\n<p>Na O\u0160 Majde Vrhovnik je od septembra do decembra 2017 potekal pilotni projekt, ki je bil sofinanciran s strani Mestne ob\u010dine Ljubljana, O\u0160 Majde Vrhovnik in In\u0161tituta Satori. Izvedli smo ga v obliki dveh sklopov, ki smo jih izvajali enkrat tedensko v \u010dasu treh mesecev, in sicer:\u200b<\/p>\n\n\n\n<h5 class=\"wp-block-heading has-text-color has-link-color wp-elements-1f1636da5384882be26de832150e3192\" style=\"color:#bc9b5d\"><em>PROGRAM ZA OSEBNI RAZVOJ OTROK V O\u0160 za starostno skupino od 1. do 4. razreda O\u0160<\/em><\/h5>\n","protected":false},"excerpt":{"rendered":"<p>Specializirano izobra\u017eevanje GLOBINSKA PSIHOTERAPIJA&nbsp;TRAVME Izobra\u017eevanje za napredni strokovni razvoj iz psihoterapije travme, njene predelave in integracije (\u2018Aleceia\u2019 Method) (1. stopnja)&nbsp; Mario C. Salvador 1.\u2013 4. oktober 2020 in&nbsp; 4.\u2013 7. februar 2021 Metoda predelave travme &#8216;Aleceia&#8217; je plod integracije tridesetletnih izku\u0161enj klini\u010dnega dela Maria C. Salvadorja in Carmen Cuenca iz In\u0161tituta Aleces iz \u0160panije.&nbsp;Je spoj [&hellip;]<\/p>\n","protected":false},"author":2,"featured_media":0,"parent":0,"menu_order":0,"comment_status":"closed","ping_status":"closed","template":"templates\/tpl.projekti.php","meta":{"footnotes":""},"class_list":["post-18","page","type-page","status-publish","hentry"],"acf":[],"_links":{"self":[{"href":"https:\/\/www.institutsatori.si\/en\/wp-json\/wp\/v2\/pages\/18","targetHints":{"allow":["GET"]}}],"collection":[{"href":"https:\/\/www.institutsatori.si\/en\/wp-json\/wp\/v2\/pages"}],"about":[{"href":"https:\/\/www.institutsatori.si\/en\/wp-json\/wp\/v2\/types\/page"}],"author":[{"embeddable":true,"href":"https:\/\/www.institutsatori.si\/en\/wp-json\/wp\/v2\/users\/2"}],"replies":[{"embeddable":true,"href":"https:\/\/www.institutsatori.si\/en\/wp-json\/wp\/v2\/comments?post=18"}],"version-history":[{"count":47,"href":"https:\/\/www.institutsatori.si\/en\/wp-json\/wp\/v2\/pages\/18\/revisions"}],"predecessor-version":[{"id":333,"href":"https:\/\/www.institutsatori.si\/en\/wp-json\/wp\/v2\/pages\/18\/revisions\/333"}],"wp:attachment":[{"href":"https:\/\/www.institutsatori.si\/en\/wp-json\/wp\/v2\/media?parent=18"}],"curies":[{"name":"wp","href":"https:\/\/api.w.org\/{rel}","templated":true}]}}